{"id":2032,"date":"2020-09-13T12:11:05","date_gmt":"2020-09-13T12:11:05","guid":{"rendered":"https:\/\/amigroups.com\/education\/?page_id=2032"},"modified":"2022-05-11T19:32:50","modified_gmt":"2022-05-11T19:32:50","slug":"migrate-quebec","status":"publish","type":"page","link":"https:\/\/amigroups.com\/education\/?page_id=2032","title":{"rendered":"Migrate to Quebec"},"content":{"rendered":"\t\t<div data-elementor-type=\"wp-page\" data-elementor-id=\"2032\" class=\"elementor elementor-2032\">\n\t\t\t\t\t\t<div class=\"elementor-inner\">\n\t\t\t\t<div class=\"elementor-section-wrap\">\n\t\t\t\t\t\t\t\t\t<section class=\"has_eae_slider elementor-section elementor-top-section elementor-element elementor-element-a2acee8 elementor-section-height-min-height elementor-section-stretched elementor-section-boxed elementor-section-height-default elementor-section-items-middle\" data-id=\"a2acee8\" data-element_type=\"section\" data-settings=\"{&quot;background_background&quot;:&quot;classic&quot;,&quot;stretch_section&quot;:&quot;section-stretched&quot;,&quot;_ha_eqh_enable&quot;:false}\">\n\t\t\t\t\t\t\t<div class=\"elementor-background-overlay\"><\/div>\n\t\t\t\t\t\t\t<div class=\"elementor-container elementor-column-gap-default\">\n\t\t\t\t\t\t\t<div class=\"elementor-row\">\n\t\t\t\t\t<div class=\"has_eae_slider elementor-column elementor-col-100 elementor-top-column elementor-element elementor-element-08d68f9\" data-id=\"08d68f9\" data-element_type=\"column\">\n\t\t\t<div class=\"elementor-column-wrap elementor-element-populated\">\n\t\t\t\t\t\t\t<div class=\"elementor-widget-wrap\">\n\t\t\t\t\t\t\t\t<\/div>\n\t\t\t\t\t<\/div>\n\t\t<\/div>\n\t\t\t\t\t\t\t\t<\/div>\n\t\t\t\t\t<\/div>\n\t\t<\/section>\n\t\t\t\t<section class=\"has_eae_slider elementor-section elementor-top-section elementor-element elementor-element-d25ae59 elementor-section-boxed elementor-section-height-default elementor-section-height-default\" data-id=\"d25ae59\" data-element_type=\"section\" data-settings=\"{&quot;_ha_eqh_enable&quot;:false}\">\n\t\t\t\t\t\t<div class=\"elementor-container elementor-column-gap-default\">\n\t\t\t\t\t\t\t<div class=\"elementor-row\">\n\t\t\t\t\t<div class=\"has_eae_slider elementor-column elementor-col-100 elementor-top-column elementor-element elementor-element-8f82918\" data-id=\"8f82918\" data-element_type=\"column\">\n\t\t\t<div class=\"elementor-column-wrap elementor-element-populated\">\n\t\t\t\t\t\t\t<div class=\"elementor-widget-wrap\">\n\t\t\t\t\t\t<div class=\"elementor-element elementor-element-58d6ded elementor-widget elementor-widget-heading\" data-id=\"58d6ded\" data-element_type=\"widget\" data-widget_type=\"heading.default\">\n\t\t\t\t<div class=\"elementor-widget-container\">\n\t\t\t<h4 class=\"elementor-heading-title elementor-size-default\">Quebec Migration Services<\/h4>\t\t<\/div>\n\t\t\t\t<\/div>\n\t\t\t\t<div class=\"elementor-element elementor-element-b00ce85 elementor-widget-divider--view-line elementor-widget elementor-widget-divider\" data-id=\"b00ce85\" data-element_type=\"widget\" data-widget_type=\"divider.default\">\n\t\t\t\t<div class=\"elementor-widget-container\">\n\t\t\t\t\t<div class=\"elementor-divider\">\n\t\t\t<span class=\"elementor-divider-separator\">\n\t\t\t\t\t\t<\/span>\n\t\t<\/div>\n\t\t\t\t<\/div>\n\t\t\t\t<\/div>\n\t\t\t\t<div class=\"elementor-element elementor-element-f1ed3b2 elementor-widget elementor-widget-text-editor\" data-id=\"f1ed3b2\" data-element_type=\"widget\" data-widget_type=\"text-editor.default\">\n\t\t\t\t<div class=\"elementor-widget-container\">\n\t\t\t\t\t\t\t\t<div class=\"elementor-text-editor elementor-clearfix\">\n\t\t\t\t<div class=\"immigrationprocess_txt\"><p>An applicant can qualify for the Quebec Skilled Worker category if they hold either a validated job offer in Quebec or achieve sufficient points on the Quebec Selection Grid.<\/p><p>The Quebec Immigration selection system for Quebec Skilled Workers is designed to indicate which applicants are likely to become economically established upon immigration to Quebec. Quebec Skilled Worker\/Professional applicants intending to reside in Montreal or another city in the Province of Quebec are selected based upon a different set of criteria that applicants who wish to settle elsewhere in Canada.<\/p><\/div>\t\t\t\t\t<\/div>\n\t\t\t\t\t\t<\/div>\n\t\t\t\t<\/div>\n\t\t\t\t\t\t<\/div>\n\t\t\t\t\t<\/div>\n\t\t<\/div>\n\t\t\t\t\t\t\t\t<\/div>\n\t\t\t\t\t<\/div>\n\t\t<\/section>\n\t\t\t\t<section class=\"has_eae_slider elementor-section elementor-top-section elementor-element elementor-element-6c47599 elementor-section-boxed elementor-section-height-default elementor-section-height-default\" data-id=\"6c47599\" data-element_type=\"section\" data-settings=\"{&quot;_ha_eqh_enable&quot;:false}\">\n\t\t\t\t\t\t<div class=\"elementor-container elementor-column-gap-default\">\n\t\t\t\t\t\t\t<div class=\"elementor-row\">\n\t\t\t\t\t<div class=\"has_eae_slider elementor-column elementor-col-100 elementor-top-column elementor-element elementor-element-72569e7\" data-id=\"72569e7\" data-element_type=\"column\">\n\t\t\t<div class=\"elementor-column-wrap elementor-element-populated\">\n\t\t\t\t\t\t\t<div class=\"elementor-widget-wrap\">\n\t\t\t\t\t\t<div class=\"elementor-element elementor-element-b3f6917 elementor-widget elementor-widget-heading\" data-id=\"b3f6917\" data-element_type=\"widget\" data-widget_type=\"heading.default\">\n\t\t\t\t<div class=\"elementor-widget-container\">\n\t\t\t<h4 class=\"elementor-heading-title elementor-size-default\">Eligibility Criteria<\/h4>\t\t<\/div>\n\t\t\t\t<\/div>\n\t\t\t\t<div class=\"elementor-element elementor-element-86206ed elementor-widget-divider--view-line elementor-widget elementor-widget-divider\" data-id=\"86206ed\" data-element_type=\"widget\" data-widget_type=\"divider.default\">\n\t\t\t\t<div class=\"elementor-widget-container\">\n\t\t\t\t\t<div class=\"elementor-divider\">\n\t\t\t<span class=\"elementor-divider-separator\">\n\t\t\t\t\t\t<\/span>\n\t\t<\/div>\n\t\t\t\t<\/div>\n\t\t\t\t<\/div>\n\t\t\t\t<div class=\"elementor-element elementor-element-8f0cd7d elementor-widget elementor-widget-text-editor\" data-id=\"8f0cd7d\" data-element_type=\"widget\" data-widget_type=\"text-editor.default\">\n\t\t\t\t<div class=\"elementor-widget-container\">\n\t\t\t\t\t\t\t\t<div class=\"elementor-text-editor elementor-clearfix\">\n\t\t\t\t<div class=\"immigrationprocess_txt\">To qualify for a Quebec Selection Certificate, Skilled Worker\/ Professional applicants must score enough points under the Quebec Immigration selection system below. A single applicant must score at least 50 Quebec immigration points based on the criteria below. An applicant with a spouse or common-law\/conjugal partner must score at least 59 points.<\/div>\n<div class=\"immigrationprocess_txt\">\n<table width=\"634\">\n<tbody>\n<tr>\n<td width=\"290\"><strong>Education<\/strong><\/td>\n<td width=\"256\"><strong>Up to 14 points (Cutoff Score = 2 points)<\/strong><\/td>\n<\/tr>\n<tr>\n<td>Area of\u00a0Training<\/td>\n<td>Up to\u00a012 points<\/td>\n<\/tr>\n<tr>\n<td>Validated Employment Offer<\/td>\n<td>Up to 10 points<\/td>\n<\/tr>\n<tr>\n<td>Work Experience<\/td>\n<td>Up to 8 points<\/td>\n<\/tr>\n<tr>\n<td>Age<\/td>\n<td>Up to 16 points<\/td>\n<\/tr>\n<tr>\n<td>Language Proficiency<\/td>\n<td>Up to 22 points<\/td>\n<\/tr>\n<tr>\n<td>Stay and Family\u00a0in Quebec<\/td>\n<td>Up to 8 points<\/td>\n<\/tr>\n<tr>\n<td>Spouse\/Common-law partner Characteristics<\/td>\n<td>Up to 17 points<\/td>\n<\/tr>\n<tr>\n<td>Children<\/td>\n<td>Up to 8 points<\/td>\n<\/tr>\n<tr>\n<td>Financial Self-Sufficiency<\/td>\n<td>1 point<\/td>\n<\/tr>\n<\/tbody>\n<\/table>\n<strong>Knowledge of French and English: <\/strong><strong>The following tests and diplomas are recognized by the Minist\u00e8re:<\/strong>\n<ul  class=\"check-list\">\n \t<li>the Test d\u2019\u00e9valuation du fran\u00e7ais adapt\u00e9 pour le Qu\u00e9bec(TEFAQ) of the Chambre de commerce et d\u2019industrie de Paris \u00cele-de-France (CCIP-IDF)<\/li>\n \t<li>the Test de Connaissance du fran\u00e7ais pour le Qu\u00e9bec(TCF-Qu\u00e9bec) of the Centre international d\u2019\u00e9tudes p\u00e9dagogiques (CIEP)<\/li>\n \t<li>the Test d\u2019\u00e9valuation du fran\u00e7ais(TEF) of the CCIP-IDF<\/li>\n \t<li>the Test d\u2019\u00e9valuation du fran\u00e7ais pour le Canada(TEF Canada) of the CCIP-IDF<\/li>\n \t<li>the Test de Connaissance du fran\u00e7ais(TCF) of the CIEP<\/li>\n \t<li>the Dipl\u00f4me d\u2019\u00e9tudes en langue fran\u00e7aise(DELF) of the CIEP<\/li>\n \t<li>the Dipl\u00f4me approfondi de langue fran\u00e7aise(DALF) of the CIEP<\/li>\n<\/ul>\n<ol>\n \t<li>For the evaluation of French knowledge, level 7 (advanced intermediate) or its equivalent (level B2 of the Common European Framework of Reference for Languages) is the minimum threshold from which points are awarded<\/li>\n \t<li>The principal applicant can obtain a maximum of 16 points for knowledge of oral and written French, including 7 points for oral comprehension, 7 points for oral production, 1 point for written comprehension and 1 point for written production<\/li>\n \t<li>The spouse of a candidate can obtain a maximum of 6 points for oral French knowledge, including 3 points for oral comprehension and 3 points for oral production<\/li>\n \t<li>For the evaluation of English knowledge, level 5 (intermediate) of the Canadian Language Benchmarks or its equivalent is the minimum threshold from which points are awarded<\/li>\n \t<li>The principal applicant can obtain a maximum of 6 points for knowledge of oral and written English, including 2 points for oral comprehension, 2 points for oral production, 1 point for written comprehension, and 1 point for written production<\/li>\n<\/ol>\n<\/div>\t\t\t\t\t<\/div>\n\t\t\t\t\t\t<\/div>\n\t\t\t\t<\/div>\n\t\t\t\t\t\t<\/div>\n\t\t\t\t\t<\/div>\n\t\t<\/div>\n\t\t\t\t\t\t\t\t<\/div>\n\t\t\t\t\t<\/div>\n\t\t<\/section>\n\t\t\t\t<section class=\"has_eae_slider elementor-section elementor-top-section elementor-element elementor-element-72a9eab elementor-section-boxed elementor-section-height-default elementor-section-height-default\" data-id=\"72a9eab\" data-element_type=\"section\" data-settings=\"{&quot;_ha_eqh_enable&quot;:false}\">\n\t\t\t\t\t\t<div class=\"elementor-container elementor-column-gap-default\">\n\t\t\t\t\t\t\t<div class=\"elementor-row\">\n\t\t\t\t\t<div class=\"has_eae_slider elementor-column elementor-col-100 elementor-top-column elementor-element elementor-element-19649a9\" data-id=\"19649a9\" data-element_type=\"column\">\n\t\t\t<div class=\"elementor-column-wrap elementor-element-populated\">\n\t\t\t\t\t\t\t<div class=\"elementor-widget-wrap\">\n\t\t\t\t\t\t<div class=\"elementor-element elementor-element-5e12e53 elementor-widget elementor-widget-heading\" data-id=\"5e12e53\" data-element_type=\"widget\" data-widget_type=\"heading.default\">\n\t\t\t\t<div class=\"elementor-widget-container\">\n\t\t\t<h4 class=\"elementor-heading-title elementor-size-default\">Quebec immigration processing time<\/h4>\t\t<\/div>\n\t\t\t\t<\/div>\n\t\t\t\t<div class=\"elementor-element elementor-element-7d1e540 elementor-widget-divider--view-line elementor-widget elementor-widget-divider\" data-id=\"7d1e540\" data-element_type=\"widget\" data-widget_type=\"divider.default\">\n\t\t\t\t<div class=\"elementor-widget-container\">\n\t\t\t\t\t<div class=\"elementor-divider\">\n\t\t\t<span class=\"elementor-divider-separator\">\n\t\t\t\t\t\t<\/span>\n\t\t<\/div>\n\t\t\t\t<\/div>\n\t\t\t\t<\/div>\n\t\t\t\t<div class=\"elementor-element elementor-element-7aa434c elementor-widget elementor-widget-text-editor\" data-id=\"7aa434c\" data-element_type=\"widget\" data-widget_type=\"text-editor.default\">\n\t\t\t\t<div class=\"elementor-widget-container\">\n\t\t\t\t\t\t\t\t<div class=\"elementor-text-editor elementor-clearfix\">\n\t\t\t\t<p>A complete application received for the Quebec PNP under the Programme de l\u2019exp\u00e9rience qu\u00e9b\u00e9coise will be processed within 6 months.<\/p>\t\t\t\t\t<\/div>\n\t\t\t\t\t\t<\/div>\n\t\t\t\t<\/div>\n\t\t\t\t\t\t<\/div>\n\t\t\t\t\t<\/div>\n\t\t<\/div>\n\t\t\t\t\t\t\t\t<\/div>\n\t\t\t\t\t<\/div>\n\t\t<\/section>\n\t\t\t\t<section class=\"has_eae_slider elementor-section elementor-top-section elementor-element elementor-element-566e8f7 elementor-section-boxed elementor-section-height-default elementor-section-height-default\" data-id=\"566e8f7\" data-element_type=\"section\" data-settings=\"{&quot;_ha_eqh_enable&quot;:false}\">\n\t\t\t\t\t\t<div class=\"elementor-container elementor-column-gap-default\">\n\t\t\t\t\t\t\t<div class=\"elementor-row\">\n\t\t\t\t\t<div class=\"has_eae_slider elementor-column elementor-col-100 elementor-top-column elementor-element elementor-element-b8d2037\" data-id=\"b8d2037\" data-element_type=\"column\">\n\t\t\t<div class=\"elementor-column-wrap elementor-element-populated\">\n\t\t\t\t\t\t\t<div class=\"elementor-widget-wrap\">\n\t\t\t\t\t\t<div class=\"elementor-element elementor-element-1a0b0d3 elementor-widget elementor-widget-heading\" data-id=\"1a0b0d3\" data-element_type=\"widget\" data-widget_type=\"heading.default\">\n\t\t\t\t<div class=\"elementor-widget-container\">\n\t\t\t<h4 class=\"elementor-heading-title elementor-size-default\">Application Fee<\/h4>\t\t<\/div>\n\t\t\t\t<\/div>\n\t\t\t\t<div class=\"elementor-element elementor-element-a1a5492 elementor-widget-divider--view-line elementor-widget elementor-widget-divider\" data-id=\"a1a5492\" data-element_type=\"widget\" data-widget_type=\"divider.default\">\n\t\t\t\t<div class=\"elementor-widget-container\">\n\t\t\t\t\t<div class=\"elementor-divider\">\n\t\t\t<span class=\"elementor-divider-separator\">\n\t\t\t\t\t\t<\/span>\n\t\t<\/div>\n\t\t\t\t<\/div>\n\t\t\t\t<\/div>\n\t\t\t\t<div class=\"elementor-element elementor-element-b30dff0 elementor-widget elementor-widget-text-editor\" data-id=\"b30dff0\" data-element_type=\"widget\" data-widget_type=\"text-editor.default\">\n\t\t\t\t<div class=\"elementor-widget-container\">\n\t\t\t\t\t\t\t\t<div class=\"elementor-text-editor elementor-clearfix\">\n\t\t\t\t<div class=\"immigrationprocess_txt\">\n\nQuebec Skilled Workers\/Professionals Processing Fees are as follows:\n<table width=\"300\">\n<tbody>\n<tr>\n<td width=\"159\"><strong>Applicant<\/strong><\/td>\n<td width=\"46\"><strong>Fees<\/strong><\/td>\n<\/tr>\n<tr>\n<td width=\"159\">Principal Applicant<\/td>\n<td width=\"46\">$785<\/td>\n<\/tr>\n<tr>\n<td width=\"159\">Spouse, de-facto spouse<\/td>\n<td width=\"46\">$168<\/td>\n<\/tr>\n<tr>\n<td width=\"159\">Each dependent child<\/td>\n<td width=\"46\">$168<\/td>\n<\/tr>\n<\/tbody>\n<\/table>\nThe fees required must be paid in full, in Canadian currency only, by you or by a third party. These fees are non-refundable, even if your application is refused or rejected.\n\n<b>Visa Fee:<\/b> $550 CAD for Principal Applicant and Spouse, $150 CAD for each kid.\n\n<b>Right to Permanent Resident Fee:<\/b> $ 490 CAD for Principal Applicant and Spouse\n\n<strong>In addition to the application fees the other fees applicable are for:<\/strong>\n<ul class=\"check-list\">\n \t<li>Medical examination<\/li>\n \t<li>A police clearance certificate, if it is required as part of the crime and security check and<\/li>\n \t<li>Language testing, as required<\/li>\n<\/ul>\n<\/div>\t\t\t\t\t<\/div>\n\t\t\t\t\t\t<\/div>\n\t\t\t\t<\/div>\n\t\t\t\t\t\t<\/div>\n\t\t\t\t\t<\/div>\n\t\t<\/div>\n\t\t\t\t\t\t\t\t<\/div>\n\t\t\t\t\t<\/div>\n\t\t<\/section>\n\t\t\t\t<section class=\"has_eae_slider elementor-section elementor-top-section elementor-element elementor-element-3d8e38b elementor-section-boxed elementor-section-height-default elementor-section-height-default\" data-id=\"3d8e38b\" data-element_type=\"section\" data-settings=\"{&quot;_ha_eqh_enable&quot;:false}\">\n\t\t\t\t\t\t<div class=\"elementor-container elementor-column-gap-default\">\n\t\t\t\t\t\t\t<div class=\"elementor-row\">\n\t\t\t\t\t<div class=\"has_eae_slider elementor-column elementor-col-100 elementor-top-column elementor-element elementor-element-96afdb4\" data-id=\"96afdb4\" data-element_type=\"column\">\n\t\t\t<div class=\"elementor-column-wrap elementor-element-populated\">\n\t\t\t\t\t\t\t<div class=\"elementor-widget-wrap\">\n\t\t\t\t\t\t<div class=\"elementor-element elementor-element-c2c8432 elementor-widget elementor-widget-heading\" data-id=\"c2c8432\" data-element_type=\"widget\" data-widget_type=\"heading.default\">\n\t\t\t\t<div class=\"elementor-widget-container\">\n\t\t\t<h4 class=\"elementor-heading-title elementor-size-default\">Processing Timeline<\/h4>\t\t<\/div>\n\t\t\t\t<\/div>\n\t\t\t\t<div class=\"elementor-element elementor-element-8ba46b9 elementor-widget-divider--view-line elementor-widget elementor-widget-divider\" data-id=\"8ba46b9\" data-element_type=\"widget\" data-widget_type=\"divider.default\">\n\t\t\t\t<div class=\"elementor-widget-container\">\n\t\t\t\t\t<div class=\"elementor-divider\">\n\t\t\t<span class=\"elementor-divider-separator\">\n\t\t\t\t\t\t<\/span>\n\t\t<\/div>\n\t\t\t\t<\/div>\n\t\t\t\t<\/div>\n\t\t\t\t<div class=\"elementor-element elementor-element-1c9563f elementor-widget elementor-widget-text-editor\" data-id=\"1c9563f\" data-element_type=\"widget\" data-widget_type=\"text-editor.default\">\n\t\t\t\t<div class=\"elementor-widget-container\">\n\t\t\t\t\t\t\t\t<div class=\"elementor-text-editor elementor-clearfix\">\n\t\t\t\tQuebec Processing time \u2013 Quebec PR is a two-stage process. The 1st stage is divided into three sub-stages as mentioned below: Quebec Skilled Worker has to undergo the below three sub-stages in the 1st stage.\n<ul class=\"check-list\">\n \t<li>Verification of documents submitted<\/li>\n \t<li>Preliminary review<\/li>\n \t<li>Selection review<\/li>\n<\/ul>\nThe 2nd stage is a federal application process which includes submission of Police Clearance, Medicals, and Visa Stamping. After verification of documents, the average time required to complete the processing of a file is 12 months.\t\t\t\t\t<\/div>\n\t\t\t\t\t\t<\/div>\n\t\t\t\t<\/div>\n\t\t\t\t\t\t<\/div>\n\t\t\t\t\t<\/div>\n\t\t<\/div>\n\t\t\t\t\t\t\t\t<\/div>\n\t\t\t\t\t<\/div>\n\t\t<\/section>\n\t\t\t\t\t\t\t\t\t<\/div>\n\t\t\t<\/div>\n\t\t\t\t\t<\/div>\n\t\t","protected":false},"excerpt":{"rendered":"<p>Quebec Migration Services An applicant can qualify for the Quebec Skilled Worker category if they hold either a validated job offer in Quebec or achieve sufficient points on the Quebec Selection Grid. The Quebec Immigration selection system for Quebec Skilled Workers is designed to indicate which applicants are likely to become economically established upon immigration&hellip;<\/p>\n","protected":false},"author":1,"featured_media":0,"parent":2006,"menu_order":0,"comment_status":"closed","ping_status":"closed","template":"elementor_header_footer","meta":[],"_links":{"self":[{"href":"https:\/\/amigroups.com\/education\/index.php?rest_route=\/wp\/v2\/pages\/2032"}],"collection":[{"href":"https:\/\/amigroups.com\/education\/index.php?rest_route=\/wp\/v2\/pages"}],"about":[{"href":"https:\/\/amigroups.com\/education\/index.php?rest_route=\/wp\/v2\/types\/page"}],"author":[{"embeddable":true,"href":"https:\/\/amigroups.com\/education\/index.php?rest_route=\/wp\/v2\/users\/1"}],"replies":[{"embeddable":true,"href":"https:\/\/amigroups.com\/education\/index.php?rest_route=%2Fwp%2Fv2%2Fcomments&post=2032"}],"version-history":[{"count":0,"href":"https:\/\/amigroups.com\/education\/index.php?rest_route=\/wp\/v2\/pages\/2032\/revisions"}],"up":[{"embeddable":true,"href":"https:\/\/amigroups.com\/education\/index.php?rest_route=\/wp\/v2\/pages\/2006"}],"wp:attachment":[{"href":"https:\/\/amigroups.com\/education\/index.php?rest_route=%2Fwp%2Fv2%2Fmedia&parent=2032"}],"curies":[{"name":"wp","href":"https:\/\/api.w.org\/{rel}","templated":true}]}}